{"id":3620,"date":"2020-08-25T11:57:00","date_gmt":"2020-08-25T11:57:00","guid":{"rendered":"https:\/\/www.naturall.bio\/avis-legal\/"},"modified":"2024-03-19T08:33:11","modified_gmt":"2024-03-19T08:33:11","slug":"avis-legal","status":"publish","type":"page","link":"https:\/\/www.naturall.bio\/fr\/avis-legal\/","title":{"rendered":"Avis L\u00e9gal"},"content":{"rendered":"<h1>AVIS L\u00c9GAL<\/h1>\n<p>Conform\u00e9ment \u00e0 l&rsquo;article 10 de la loi 34\/2002, du 11 juillet, sur les services de la soci\u00e9t\u00e9 de l&rsquo;information et le commerce \u00e9lectronique, l&rsquo;utilisateur est inform\u00e9 que ce site web est la propri\u00e9t\u00e9 de NATUR ALL S.L. U domicili\u00e9e \u00e0 Corella (Navarre, Espagne), Pol\u00edgono Industrial Ombatillo, Camino del Cascajo, S\/N. Cette soci\u00e9t\u00e9 est inscrite au Registre du Commerce de Navarre, au Tome 1.900, Feuille 54, Page NA-37.762, et est titulaire du num\u00e9ro d&rsquo;identification fiscale B-71344600 et de l&rsquo;adresse \u00e9lectronique de contact &nbsp;<a href=\"mailto:info@naturall.bio\">info@naturall.bio<\/a><\/p>\n","protected":false},"excerpt":{"rendered":"<p>AVIS L\u00c9GAL Conform\u00e9ment \u00e0 l&rsquo;article 10 de la loi 34\/2002, du 11 juillet, sur les services de la soci\u00e9t\u00e9 de l&rsquo;information et le commerce \u00e9lectronique, l&rsquo;utilisateur est inform\u00e9 que ce site web est la propri\u00e9t\u00e9 de NATUR ALL S.L. U domicili\u00e9e \u00e0 Corella (Navarre, Espagne), Pol\u00edgono Industrial Ombatillo, Camino del Cascajo, S\/N. Cette soci\u00e9t\u00e9 est [&hellip;]<\/p>\n","protected":false},"author":1,"featured_media":0,"parent":0,"menu_order":0,"comment_status":"closed","ping_status":"closed","template":"","meta":{"_acf_changed":false,"_et_pb_use_builder":"","_et_pb_old_content":"","_et_gb_content_width":"","footnotes":""},"class_list":["post-3620","page","type-page","status-publish","hentry"],"acf":[],"_links":{"self":[{"href":"https:\/\/www.naturall.bio\/fr\/wp-json\/wp\/v2\/pages\/3620","targetHints":{"allow":["GET"]}}],"collection":[{"href":"https:\/\/www.naturall.bio\/fr\/wp-json\/wp\/v2\/pages"}],"about":[{"href":"https:\/\/www.naturall.bio\/fr\/wp-json\/wp\/v2\/types\/page"}],"author":[{"embeddable":true,"href":"https:\/\/www.naturall.bio\/fr\/wp-json\/wp\/v2\/users\/1"}],"replies":[{"embeddable":true,"href":"https:\/\/www.naturall.bio\/fr\/wp-json\/wp\/v2\/comments?post=3620"}],"version-history":[{"count":0,"href":"https:\/\/www.naturall.bio\/fr\/wp-json\/wp\/v2\/pages\/3620\/revisions"}],"wp:attachment":[{"href":"https:\/\/www.naturall.bio\/fr\/wp-json\/wp\/v2\/media?parent=3620"}],"curies":[{"name":"wp","href":"https:\/\/api.w.org\/{rel}","templated":true}]}}