{"id":4818,"date":"2020-08-25T12:01:56","date_gmt":"2020-08-25T10:01:56","guid":{"rendered":"https:\/\/www.naturall.bio\/politique-en-matiere-de-cookies\/"},"modified":"2025-09-17T09:37:00","modified_gmt":"2025-09-17T07:37:00","slug":"politique-en-matiere-de-cookies","status":"publish","type":"page","link":"https:\/\/www.naturall.bio\/fr\/politique-en-matiere-de-cookies\/","title":{"rendered":"Politique en mati\u00e8re de cookies"},"content":{"rendered":"\n<h1 class=\"wp-block-heading\">POLITIQUE EN MATI\u00c8RE DE COOKIES<\/h1>\n\n<h2 class=\"wp-block-heading\">1.-INFORMATIONS G\u00c9N\u00c9RALES.<\/h2>\n\n<p>Les cookies sont des fichiers texte qui sont stock\u00e9s dans le terminal de l&rsquo;utilisateur visiteur avec certaines informations sur la visite de la page.<br\/>Si vous souhaitez obtenir plus d&rsquo;informations sur les cookies, nous vous proposons les liens suivants :<\/p>\n\n<ul class=\"wp-block-list\">\n<li>Information sur Wikipedia sur les cookies.<\/li>\n\n\n\n<li>Document technique expliquant ce qu&rsquo;est un cookie.<\/li>\n\n\n\n<li>https:\/\/www.aboutcookies.org<\/li>\n<\/ul>\n\n<h2 class=\"wp-block-heading\">2.-BLOCAGE ET SUPPRESSION DES COOKIES.<\/h2>\n\n<p>En r\u00e8gle g\u00e9n\u00e9rale, les navigateurs disposent de diverses options de configuration concernant les cookies, qui permettent d&rsquo;ajuster diff\u00e9rents niveaux de confidentialit\u00e9, de sorte que, par exemple, tous les cookies qui peuvent \u00eatre envoy\u00e9s par un site web comme celui-ci sont refus\u00e9s ou m\u00eame tous les cookies qui peuvent avoir \u00e9t\u00e9 enregistr\u00e9s sont supprim\u00e9s. Pour modifier ces param\u00e8tres, vous pouvez demander de l&rsquo;aide au fabricant du site ou consulter la documentation mentionn\u00e9e ci-dessous:<\/p>\n\n<ul class=\"wp-block-list\">\n<li>Google Chrome, Mozilla Firefox, Internet Explorer y Safari.<\/li>\n\n\n\n<li>IOS, Android, Blackberry y Windows Phone.<\/li>\n<\/ul>\n\n<p>Si l&rsquo;utilisateur limite ou bloque tout ou partie des cookies de ce site web, il est possible que certaines des fonctionnalit\u00e9s ou certains des services fournis sur la page ne soient pas disponibles.<\/p>\n\n<h2 class=\"wp-block-heading\">3.-LES COOKIES DU SITE WEB.<\/h2>\n\n<p>\u00a0<\/p>\n\n<div class=\"cky-audit-table-element\"><\/div>\n","protected":false},"excerpt":{"rendered":"<p>POLITIQUE EN MATI\u00c8RE DE COOKIES 1.-INFORMATIONS G\u00c9N\u00c9RALES. Les cookies sont des fichiers texte qui sont stock\u00e9s dans le terminal de l&rsquo;utilisateur visiteur avec certaines informations sur la visite de la page.Si vous souhaitez obtenir plus d&rsquo;informations sur les cookies, nous vous proposons les liens suivants : 2.-BLOCAGE ET SUPPRESSION DES COOKIES. En r\u00e8gle g\u00e9n\u00e9rale, les [&hellip;]<\/p>\n","protected":false},"author":1,"featured_media":0,"parent":0,"menu_order":0,"comment_status":"closed","ping_status":"closed","template":"","meta":{"_acf_changed":false,"_et_pb_use_builder":"","_et_pb_old_content":"","_et_gb_content_width":"","footnotes":""},"class_list":["post-4818","page","type-page","status-publish","hentry"],"acf":[],"_links":{"self":[{"href":"https:\/\/www.naturall.bio\/fr\/wp-json\/wp\/v2\/pages\/4818","targetHints":{"allow":["GET"]}}],"collection":[{"href":"https:\/\/www.naturall.bio\/fr\/wp-json\/wp\/v2\/pages"}],"about":[{"href":"https:\/\/www.naturall.bio\/fr\/wp-json\/wp\/v2\/types\/page"}],"author":[{"embeddable":true,"href":"https:\/\/www.naturall.bio\/fr\/wp-json\/wp\/v2\/users\/1"}],"replies":[{"embeddable":true,"href":"https:\/\/www.naturall.bio\/fr\/wp-json\/wp\/v2\/comments?post=4818"}],"version-history":[{"count":0,"href":"https:\/\/www.naturall.bio\/fr\/wp-json\/wp\/v2\/pages\/4818\/revisions"}],"wp:attachment":[{"href":"https:\/\/www.naturall.bio\/fr\/wp-json\/wp\/v2\/media?parent=4818"}],"curies":[{"name":"wp","href":"https:\/\/api.w.org\/{rel}","templated":true}]}}