{"id":7410,"date":"2024-06-05T10:29:54","date_gmt":"2024-06-05T08:29:54","guid":{"rendered":"https:\/\/www.naturall.bio\/viande-dorigine-vegetale"},"modified":"2024-11-13T08:54:23","modified_gmt":"2024-11-13T07:54:23","slug":"alternatives-vegetales","status":"publish","type":"page","link":"https:\/\/www.naturall.bio\/fr\/alternatives-vegetales\/","title":{"rendered":"Alternatives v\u00e9g\u00e9tales"},"content":{"rendered":"<p>[et_pb_section fb_built=\u00a0\u00bb1&Prime; _builder_version=\u00a0\u00bb4.24.2&Prime; _module_preset=\u00a0\u00bbdefault\u00a0\u00bb custom_padding=\u00a0\u00bb0px||0px||false|false\u00a0\u00bb locked=\u00a0\u00bboff\u00a0\u00bb collapsed=\u00a0\u00bboff\u00a0\u00bb global_colors_info=\u00a0\u00bb{}\u00a0\u00bb][et_pb_row _builder_version=\u00a0\u00bb4.24.2&Prime; _module_preset=\u00a0\u00bbdefault\u00a0\u00bb max_width=\u00a0\u00bb1366px\u00a0\u00bb custom_padding=\u00a0\u00bb||0px||false|false\u00a0\u00bb global_colors_info=\u00a0\u00bb{}\u00a0\u00bb][et_pb_column type=\u00a0\u00bb4_4&Prime; _builder_version=\u00a0\u00bb4.24.2&Prime; _module_preset=\u00a0\u00bbdefault\u00a0\u00bb global_colors_info=\u00a0\u00bb{}\u00a0\u00bb][et_pb_de_mach_carousel post_type_choose=\u00a0\u00bbproductos_natur_all\u00a0\u00bb loop_layout=\u00a0\u00bb4095&Prime; show_current_post=\u00a0\u00bbon\u00a0\u00bb include_current_tax=\u00a0\u00bbon\u00a0\u00bb custom_tax_choose=\u00a0\u00bbproductos_natur_all_category\u00a0\u00bb include_taxomony=\u00a0\u00bbCarnes de origen vegetal\u00a0\u00bb posts_number_desktop=\u00a0\u00bb1&Prime; posts_number_tablet=\u00a0\u00bb1&Prime; posts_number_tablet_land=\u00a0\u00bb1&Prime; equal_height=\u00a0\u00bboff\u00a0\u00bb link_whole_gird=\u00a0\u00bboff\u00a0\u00bb icon_font_size=\u00a0\u00bb100px\u00a0\u00bb icon_font_size_next=\u00a0\u00bb100px\u00a0\u00bb arrows_color=\u00a0\u00bb#333333&Prime; admin_label=\u00a0\u00bbPost Carousel &#8211; Divi Machine\u00a0\u00bb _builder_version=\u00a0\u00bb4.25.1&Prime; _module_preset=\u00a0\u00bbdefault\u00a0\u00bb hover_enabled=\u00a0\u00bb0&Prime; global_colors_info=\u00a0\u00bb{}\u00a0\u00bb sticky_enabled=\u00a0\u00bb0&Prime;][\/et_pb_de_mach_carousel][\/et_pb_column][\/et_pb_row][\/et_pb_section][et_pb_section fb_built=\u00a0\u00bb1&Prime; admin_label=\u00a0\u00bb\u00bfEres un profesional?\u00a0\u00bb _builder_version=\u00a0\u00bb4.24.2&Prime; _module_preset=\u00a0\u00bbcaf71ab7-50ff-40ba-91e0-8beccb432af9&Prime; global_module=\u00a0\u00bb5710&Prime; saved_tabs=\u00a0\u00bball\u00a0\u00bb locked=\u00a0\u00bboff\u00a0\u00bb collapsed=\u00a0\u00bboff\u00a0\u00bb global_colors_info=\u00a0\u00bb{}\u00a0\u00bb][et_pb_row _builder_version=\u00a0\u00bb4.24.2&Prime; _module_preset=\u00a0\u00bb6889f4dd-ad34-44cf-b664-eb51f1da4abc\u00a0\u00bb background_size=\u00a0\u00bbinitial\u00a0\u00bb background_position=\u00a0\u00bbtop_left\u00a0\u00bb background_repeat=\u00a0\u00bbrepeat\u00a0\u00bb max_width=\u00a0\u00bb1145px\u00a0\u00bb global_colors_info=\u00a0\u00bb{}\u00a0\u00bb][et_pb_column type=\u00a0\u00bb4_4&Prime; _builder_version=\u00a0\u00bb4.24.2&Prime; _module_preset=\u00a0\u00bbdefault\u00a0\u00bb global_colors_info=\u00a0\u00bb{}\u00a0\u00bb][et_pb_text _builder_version=\u00a0\u00bb4.24.2&Prime; _module_preset=\u00a0\u00bb1325a17f-e3d2-409a-9dfd-9c651b671bc2&Prime; global_colors_info=\u00a0\u00bb{}\u00a0\u00bb]<\/p>\n<h2>\u00caTES-VOUS UN PROFESSIONNEL ?<br \/>SI OUI, NOUS AVONS BEAUCOUP \u00c0 VOUS DIRE<\/h2>\n<p>[\/et_pb_text][et_pb_text admin_label=\u00a0\u00bbTexto\u00a0\u00bb _builder_version=\u00a0\u00bb4.24.2&Prime; _module_preset=\u00a0\u00bb1325a17f-e3d2-409a-9dfd-9c651b671bc2&Prime; global_colors_info=\u00a0\u00bb{}\u00a0\u00bb]<\/p>\n<p>Chez Natur All, nous voulons vous aider \u00e0 cr\u00e9er la cat\u00e9gorie de produits dont vous avez besoin. Plus de 30 ans d&rsquo;exp\u00e9rience avec des distributeurs et des d\u00e9taillants dans le monde entier.<strong>Vous<\/strong><strong>ne nous connaissez pas encore ?<\/strong><\/p>\n<p>[\/et_pb_text][et_pb_button button_url=\u00a0\u00bb@ET-DC@eyJkeW5hbWljIjp0cnVlLCJjb250ZW50IjoicG9zdF9saW5rX3VybF9wYWdlIiwic2V0dGluZ3MiOnsicG9zdF9pZCI6IjE0MSJ9fQ==@\u00a0\u00bb button_text=\u00a0\u00bbJe veux un \u00e9chantillon\u00a0\u00bb _builder_version=\u00a0\u00bb4.24.2&Prime; _dynamic_attributes=\u00a0\u00bbbutton_url\u00a0\u00bb _module_preset=\u00a0\u00bbdefault\u00a0\u00bb global_colors_info=\u00a0\u00bb{}\u00a0\u00bb][\/et_pb_button][\/et_pb_column][\/et_pb_row][\/et_pb_section]<\/p>\n","protected":false},"excerpt":{"rendered":"<p>\u00caTES-VOUS UN PROFESSIONNEL ?SI OUI, NOUS AVONS BEAUCOUP \u00c0 VOUS DIREChez Natur All, nous voulons vous aider \u00e0 cr\u00e9er la cat\u00e9gorie de produits dont vous avez besoin. Plus de 30 ans d&rsquo;exp\u00e9rience avec des distributeurs et des d\u00e9taillants dans le monde entier.Vousne nous connaissez pas encore ?<\/p>\n","protected":false},"author":1,"featured_media":0,"parent":0,"menu_order":0,"comment_status":"closed","ping_status":"closed","template":"","meta":{"_acf_changed":false,"_et_pb_use_builder":"on","_et_pb_old_content":"","_et_gb_content_width":"","footnotes":""},"class_list":["post-7410","page","type-page","status-publish","hentry"],"acf":[],"_links":{"self":[{"href":"https:\/\/www.naturall.bio\/fr\/wp-json\/wp\/v2\/pages\/7410","targetHints":{"allow":["GET"]}}],"collection":[{"href":"https:\/\/www.naturall.bio\/fr\/wp-json\/wp\/v2\/pages"}],"about":[{"href":"https:\/\/www.naturall.bio\/fr\/wp-json\/wp\/v2\/types\/page"}],"author":[{"embeddable":true,"href":"https:\/\/www.naturall.bio\/fr\/wp-json\/wp\/v2\/users\/1"}],"replies":[{"embeddable":true,"href":"https:\/\/www.naturall.bio\/fr\/wp-json\/wp\/v2\/comments?post=7410"}],"version-history":[{"count":0,"href":"https:\/\/www.naturall.bio\/fr\/wp-json\/wp\/v2\/pages\/7410\/revisions"}],"wp:attachment":[{"href":"https:\/\/www.naturall.bio\/fr\/wp-json\/wp\/v2\/media?parent=7410"}],"curies":[{"name":"wp","href":"https:\/\/api.w.org\/{rel}","templated":true}]}}